{"id":41,"date":"2019-10-21T21:18:20","date_gmt":"2019-10-21T21:18:20","guid":{"rendered":"http:\/\/nttab.nu\/?page_id=41"},"modified":"2025-04-04T10:03:44","modified_gmt":"2025-04-04T10:03:44","slug":"start","status":"publish","type":"page","link":"https:\/\/nttab.nu\/","title":{"rendered":""},"content":{"rendered":"\n<p><strong>V\u00c4LKOMNA TILL OSS<\/strong><\/p>\n\n\n\n<p>Nyg\u00e5rds Traktortj\u00e4nst, NTTAB \u00e4r ett f\u00f6retag som v\u00e4rnar om sina kunder och h\u00e5ller en h\u00f6g kvalitet. Hos oss kan du f\u00e5 hj\u00e4lp med diverse uppdrag inom anl\u00e4ggningstransporter, f\u00f6rs\u00e4ljning &amp; leverans av kross, sand &amp; jordprodukter. Vi transporterar spannm\u00e5l, sprider v\u00e4gar, maskintransporter och st\u00e4ller ut l\u00f6sflak f\u00f6r sopor &amp; tr\u00e4dg\u00e5rdsavfall mm.<\/p>\n\n\n\n<p>Kort &amp; gott \u2013 vi kan l\u00f6sa de flesta transporter b\u00e5de f\u00f6r dig som privatperson, samt f\u00f6r mindre &amp; st\u00f6rre f\u00f6retag. V\u00c4LKOMNA att h\u00f6ra av er f\u00f6r mer information, priser och leveranstider.<\/p>\n\n\n\n<p><strong>MVH Magnus Nilsson, VD, Nyg\u00e5rds Traktortj\u00e4nst med personal<\/strong><\/p>\n","protected":false},"excerpt":{"rendered":"<p>V\u00c4LKOMNA TILL OSS Nyg\u00e5rds Traktortj\u00e4nst, NTTAB \u00e4r ett f\u00f6retag som v\u00e4rnar om sina kunder och h\u00e5ller en h\u00f6g kvalitet. Hos oss kan du f\u00e5 hj\u00e4lp med diverse uppdrag inom anl\u00e4ggningstransporter, f\u00f6rs\u00e4ljning &amp; leverans av kross, sand &amp; jordprodukter. Vi transporterar spannm\u00e5l, sprider v\u00e4gar, maskintransporter och st\u00e4ller ut l\u00f6sflak f\u00f6r sopor &amp; tr\u00e4dg\u00e5rdsavfall mm. Kort &amp; gott \u2013 vi kan l\u00f6sa de flesta transporter b\u00e5de f\u00f6r dig som privatperson, samt f\u00f6r mindre &amp; st\u00f6rre f\u00f6retag. V\u00c4LKOMNA att h\u00f6ra av er f\u00f6r mer information, priser och leveranstider. MVH Magnus Nilsson, VD, Nyg\u00e5rds Traktortj\u00e4nst med personal<\/p>\n","protected":false},"author":1,"featured_media":0,"parent":0,"menu_order":0,"comment_status":"closed","ping_status":"closed","template":"","meta":{"footnotes":""},"class_list":["post-41","page","type-page","status-publish","hentry"],"_links":{"self":[{"href":"https:\/\/nttab.nu\/index.php?rest_route=\/wp\/v2\/pages\/41","targetHints":{"allow":["GET"]}}],"collection":[{"href":"https:\/\/nttab.nu\/index.php?rest_route=\/wp\/v2\/pages"}],"about":[{"href":"https:\/\/nttab.nu\/index.php?rest_route=\/wp\/v2\/types\/page"}],"author":[{"embeddable":true,"href":"https:\/\/nttab.nu\/index.php?rest_route=\/wp\/v2\/users\/1"}],"replies":[{"embeddable":true,"href":"https:\/\/nttab.nu\/index.php?rest_route=%2Fwp%2Fv2%2Fcomments&post=41"}],"version-history":[{"count":9,"href":"https:\/\/nttab.nu\/index.php?rest_route=\/wp\/v2\/pages\/41\/revisions"}],"predecessor-version":[{"id":147,"href":"https:\/\/nttab.nu\/index.php?rest_route=\/wp\/v2\/pages\/41\/revisions\/147"}],"wp:attachment":[{"href":"https:\/\/nttab.nu\/index.php?rest_route=%2Fwp%2Fv2%2Fmedia&parent=41"}],"curies":[{"name":"wp","href":"https:\/\/api.w.org\/{rel}","templated":true}]}}