{"id":2,"date":"2019-10-21T20:14:57","date_gmt":"2019-10-21T20:14:57","guid":{"rendered":"http:\/\/nttab.nu\/?page_id=2"},"modified":"2025-04-04T10:02:07","modified_gmt":"2025-04-04T10:02:07","slug":"sample-page","status":"publish","type":"page","link":"http:\/\/nttab.nu\/?page_id=2","title":{"rendered":""},"content":{"rendered":"\n<p><strong>KONTAKT<\/strong><\/p>\n\n\n\n<p class=\"has-text-align-left\"><strong>VD<\/strong> <br>Magnus Nilsson<br>Telefon: 070-776 85 64<br>Epost: magnus@nttab.nu<\/p>\n\n\n\n<p><strong>KONTORET<\/strong><br>Angelica Nilsson Mansfield<br>Epost: faktura@nttab.nu<\/p>\n\n\n\n<p><strong>BES\u00d6KSADRESS<\/strong><br>Industriv\u00e4gen 12, 463 72 L\u00f6d\u00f6se<\/p>\n\n\n\n<p><strong>POSTADRESS<\/strong><br>Sk\u00f6vde 151, 463 96 Nyg\u00e5rd<\/p>\n\n\n\n<p><strong>F\u00d6RETAGETS S\u00c4TE<\/strong><br>Lilla Edet<\/p>\n\n\n\n<p><strong>ORGANISATIONSNUMMER:<\/strong><br>556687-3344<\/p>\n\n\n\n<p><\/p>\n","protected":false},"excerpt":{"rendered":"<p>KONTAKT VD Magnus NilssonTelefon: 070-776 85 64Epost: magnus@nttab.nu KONTORETAngelica Nilsson MansfieldEpost: faktura@nttab.nu BES\u00d6KSADRESSIndustriv\u00e4gen 12, 463 72 L\u00f6d\u00f6se POSTADRESSSk\u00f6vde 151, 463 96 Nyg\u00e5rd F\u00d6RETAGETS S\u00c4TELilla Edet ORGANISATIONSNUMMER:556687-3344<\/p>\n","protected":false},"author":1,"featured_media":0,"parent":0,"menu_order":0,"comment_status":"closed","ping_status":"open","template":"","meta":{"footnotes":""},"class_list":["post-2","page","type-page","status-publish","hentry"],"_links":{"self":[{"href":"http:\/\/nttab.nu\/index.php?rest_route=\/wp\/v2\/pages\/2","targetHints":{"allow":["GET"]}}],"collection":[{"href":"http:\/\/nttab.nu\/index.php?rest_route=\/wp\/v2\/pages"}],"about":[{"href":"http:\/\/nttab.nu\/index.php?rest_route=\/wp\/v2\/types\/page"}],"author":[{"embeddable":true,"href":"http:\/\/nttab.nu\/index.php?rest_route=\/wp\/v2\/users\/1"}],"replies":[{"embeddable":true,"href":"http:\/\/nttab.nu\/index.php?rest_route=%2Fwp%2Fv2%2Fcomments&post=2"}],"version-history":[{"count":14,"href":"http:\/\/nttab.nu\/index.php?rest_route=\/wp\/v2\/pages\/2\/revisions"}],"predecessor-version":[{"id":144,"href":"http:\/\/nttab.nu\/index.php?rest_route=\/wp\/v2\/pages\/2\/revisions\/144"}],"wp:attachment":[{"href":"http:\/\/nttab.nu\/index.php?rest_route=%2Fwp%2Fv2%2Fmedia&parent=2"}],"curies":[{"name":"wp","href":"https:\/\/api.w.org\/{rel}","templated":true}]}}